{"id":215,"date":"2020-05-08T20:48:33","date_gmt":"2020-05-08T20:48:33","guid":{"rendered":"http:\/\/enter-dc.com\/?page_id=215"},"modified":"2020-05-29T04:54:43","modified_gmt":"2020-05-28T20:54:43","slug":"services","status":"publish","type":"page","link":"https:\/\/enter-dc.com\/fr\/services\/","title":{"rendered":"Services fournis aux marques"},"content":{"rendered":"\r\n<div class=\"wp-block-group is-layout-flow wp-block-group-is-layout-flow\">\r\n<div class=\"wp-block-group__inner-container\">\r\n<p>Nous pouvons vous proposer des solutions compl\u00e8tes, jusqu\u2019\u00e0 op\u00e9rer en tant que votre bureau Grande Chine ou m\u00eame Asie mais \u00e9galement selon les demandes, fournir les services suivants:<\/p>\r\n<ul>\r\n<li>Analyse du march\u00e9 de la Grande Chine;<\/li>\r\n<li>Recommandation de positionnement \/ adaptation de marque;<\/li>\r\n<li>Strat\u00e9gie \u00abGo to Market\u00bb en Asie (canaux de distribution, tarification, s\u00e9lection des best-sellers\u2026);<\/li>\r\n<li>Identification des meilleurs distributeurs potentiels et n\u00e9gociation des contrats de distribution;<\/li>\r\n<li>Protection IP; suivi de l&rsquo;enregistrement des produits;<\/li>\r\n<li>Le marketing a besoin de r\u00e9troaction en collaboration avec le(s) distributeur(s) : trouver les meilleurs angles de relations publiques et superviser le plan de marketing;<\/li>\r\n<li>Business reviews et suivi des commandes.<\/li>\r\n<li>Suivi des op\u00e9rations et services de conseils en temps r\u00e9el.<\/li>\r\n<li style=\"list-style-type: none;\">\u00a0<\/li>\r\n<\/ul>\r\n<\/div>\r\n<\/div>\r\n<p><img loading=\"lazy\" decoding=\"async\" class=\"alignnone size-full wp-image-380\" src=\"http:\/\/enter-dc.com\/wp-content\/uploads\/2020\/05\/26D864A5-0EDF-4B4A-9EA2-70AD12F25A1E_1_105_c.jpeg\" alt=\"\" width=\"920\" height=\"853\" \/><\/p>\r\n\r\n\r\n\r\n<p>&nbsp;<\/p>\r\n","protected":false},"excerpt":{"rendered":"<p>Nous pouvons vous proposer des solutions compl\u00e8tes, jusqu\u2019\u00e0 op\u00e9rer en tant que votre bureau Grande Chine ou m\u00eame Asie mais \u00e9galement selon les demandes, fournir les services suivants: Analyse du march\u00e9 de la Grande Chine; Recommandation de positionnement \/ adaptation de marque; Strat\u00e9gie \u00abGo to Market\u00bb en Asie (canaux de distribution, tarification, s\u00e9lection des best-sellers\u2026); &hellip; <a href=\"https:\/\/enter-dc.com\/fr\/services\/\" class=\"more-link\">Continuer la lecture<span class=\"screen-reader-text\"> de &laquo;&nbsp;Services fournis aux marques&nbsp;&raquo;<\/span><\/a><\/p>\n","protected":false},"author":1,"featured_media":0,"parent":0,"menu_order":0,"comment_status":"closed","ping_status":"closed","template":"","meta":{"footnotes":""},"class_list":["post-215","page","type-page","status-publish","hentry"],"_links":{"self":[{"href":"https:\/\/enter-dc.com\/fr\/wp-json\/wp\/v2\/pages\/215","targetHints":{"allow":["GET"]}}],"collection":[{"href":"https:\/\/enter-dc.com\/fr\/wp-json\/wp\/v2\/pages"}],"about":[{"href":"https:\/\/enter-dc.com\/fr\/wp-json\/wp\/v2\/types\/page"}],"author":[{"embeddable":true,"href":"https:\/\/enter-dc.com\/fr\/wp-json\/wp\/v2\/users\/1"}],"replies":[{"embeddable":true,"href":"https:\/\/enter-dc.com\/fr\/wp-json\/wp\/v2\/comments?post=215"}],"version-history":[{"count":9,"href":"https:\/\/enter-dc.com\/fr\/wp-json\/wp\/v2\/pages\/215\/revisions"}],"predecessor-version":[{"id":387,"href":"https:\/\/enter-dc.com\/fr\/wp-json\/wp\/v2\/pages\/215\/revisions\/387"}],"wp:attachment":[{"href":"https:\/\/enter-dc.com\/fr\/wp-json\/wp\/v2\/media?parent=215"}],"curies":[{"name":"wp","href":"https:\/\/api.w.org\/{rel}","templated":true}]}}