{"id":220,"date":"2020-05-08T20:56:57","date_gmt":"2020-05-08T20:56:57","guid":{"rendered":"http:\/\/enter-dc.com\/?page_id=220"},"modified":"2022-09-26T18:34:15","modified_gmt":"2022-09-26T10:34:15","slug":"founders","status":"publish","type":"page","link":"https:\/\/enter-dc.com\/fr\/founders\/","title":{"rendered":"Fondateurs"},"content":{"rendered":"\r\n<div class=\"wp-block-group\">\r\n<div class=\"wp-block-group__inner-container is-layout-flow wp-block-group-is-layout-flow\">\r\n<div class=\"wp-block-group\">\r\n<div class=\"wp-block-group__inner-container is-layout-flow wp-block-group-is-layout-flow\">\r\n<div class=\"wp-block-group\">\r\n<div class=\"wp-block-group__inner-container is-layout-flow wp-block-group-is-layout-flow\">\r\n<div class=\"wp-block-group\">\r\n<div class=\"wp-block-group__inner-container is-layout-flow wp-block-group-is-layout-flow\">\r\n<p><img loading=\"lazy\" decoding=\"async\" class=\"alignnone  wp-image-221\" src=\"http:\/\/enter-dc.com\/wp-content\/uploads\/2020\/05\/Jeanne2.jpg\" alt=\"\" width=\"246\" height=\"301\" \/><\/p>\r\n<p>Jeanne Zhao-Clot, une experte en Marketing &#038; Commercial, adore \u00eatre le pont entre l&rsquo;Ouest et l\u2019Est !<\/p>\r\n<p>Apr\u00e8s avoir grandi en Chine, elle est dipl\u00f4m\u00e9e de HEC Paris &#038; MBA \u00e0 UC Berkeley, et a occup\u00e9 des postes cl\u00e9s dans des soci\u00e9t\u00e9s multinationales en France et en Asie.<\/p>\r\n<ul>\r\n<li>Elle a une riche exp\u00e9rience de 20 ans dans la beaut\u00e9 et le luxe ;<\/li>\r\n<li>Ayant travaill\u00e9 pour de grandes entreprises telles que L&rsquo;Or\u00e9al, le Groupe Richemont, Burt\u2019s Bees, Nuxe &#038; Boots, elle a une exp\u00e9rience de terrain tr\u00e8s riche, ayant vu \u00e0 la fois des cas r\u00e9ussis et des erreurs \u00e0 \u00e9viter ;<\/li>\r\n<li>Elle comprend profond\u00e9ment la marque et les exigences des marques ;<\/li>\r\n<li>Forte exp\u00e9rience en wholesale et retail en Asie.<\/li>\r\n<\/ul>\r\n<\/div>\r\n<\/div>\r\n<\/div>\r\n<\/div>\r\n<\/div>\r\n<\/div>\r\n<\/div>\r\n<\/div>\r\n<p><img loading=\"lazy\" decoding=\"async\" class=\"alignnone  wp-image-224\" src=\"http:\/\/enter-dc.com\/wp-content\/uploads\/2020\/05\/Michel2.jpg\" alt=\"\" width=\"250\" height=\"305\" \/><\/p>\r\n<p>Michel Vidal, expert fran\u00e7ais sur la Chine depuis plus de 30 ans en Asie est un sp\u00e9cialiste reconnu en n\u00e9gociation qui dispose d\u2019un large r\u00e9seau de relations de haut niveau en Chine et en Asie.\u00a0 Il a notamment exerc\u00e9 les fonctions suivantes (non exhaustives)\u00a0:<\/p>\r\n<ul>\r\n<li>Vice-pr\u00e9sident Asie-Pacifique de l\u2019Office G\u00e9n\u00e9ral de l\u2019Air\/Eurotradia<\/li>\r\n<li>Pr\u00e9sident de l\u2019association des entreprises fran\u00e7aises en Chine<\/li>\r\n<li>Pr\u00e9sident et fondateur de l\u2019Association des dipl\u00f4m\u00e9s HEC en Chine<\/li>\r\n<li>Repr\u00e9sentant commercial de la BFCE en Chine<\/li>\r\n<li>Conseil aupr\u00e8s de grandes entreprises europ\u00e9ennes : Airbus, Veolia, Areva \/ Framatome, Safran, Dassault, Total\u2026 et diverses PME<\/li>\r\n<li>Conseiller du Commerce Ext\u00e9rieur<\/li>\r\n<li>Ouverture et gestion de boutiques de mode de luxe pour Cacharel, Nina Ricci, Georges Rech, etc.<\/li>\r\n<li>Assistance \u00e0 la cr\u00e9ation de plusieurs joint-ventures en Chine<\/li>\r\n<\/ul>\r\n\r\n\r\n","protected":false},"excerpt":{"rendered":"<p>Jeanne Zhao-Clot, une experte en Marketing &#038; Commercial, adore \u00eatre le pont entre l&rsquo;Ouest et l\u2019Est ! Apr\u00e8s avoir grandi en Chine, elle est dipl\u00f4m\u00e9e de HEC Paris &#038; MBA \u00e0 UC Berkeley, et a occup\u00e9 des postes cl\u00e9s dans des soci\u00e9t\u00e9s multinationales en France et en Asie. Elle a une riche exp\u00e9rience de 20 &hellip; <a href=\"https:\/\/enter-dc.com\/fr\/founders\/\" class=\"more-link\">Continuer la lecture<span class=\"screen-reader-text\"> de &laquo;&nbsp;Fondateurs&nbsp;&raquo;<\/span><\/a><\/p>\n","protected":false},"author":1,"featured_media":0,"parent":0,"menu_order":0,"comment_status":"closed","ping_status":"closed","template":"","meta":{"footnotes":""},"class_list":["post-220","page","type-page","status-publish","hentry"],"_links":{"self":[{"href":"https:\/\/enter-dc.com\/fr\/wp-json\/wp\/v2\/pages\/220","targetHints":{"allow":["GET"]}}],"collection":[{"href":"https:\/\/enter-dc.com\/fr\/wp-json\/wp\/v2\/pages"}],"about":[{"href":"https:\/\/enter-dc.com\/fr\/wp-json\/wp\/v2\/types\/page"}],"author":[{"embeddable":true,"href":"https:\/\/enter-dc.com\/fr\/wp-json\/wp\/v2\/users\/1"}],"replies":[{"embeddable":true,"href":"https:\/\/enter-dc.com\/fr\/wp-json\/wp\/v2\/comments?post=220"}],"version-history":[{"count":8,"href":"https:\/\/enter-dc.com\/fr\/wp-json\/wp\/v2\/pages\/220\/revisions"}],"predecessor-version":[{"id":406,"href":"https:\/\/enter-dc.com\/fr\/wp-json\/wp\/v2\/pages\/220\/revisions\/406"}],"wp:attachment":[{"href":"https:\/\/enter-dc.com\/fr\/wp-json\/wp\/v2\/media?parent=220"}],"curies":[{"name":"wp","href":"https:\/\/api.w.org\/{rel}","templated":true}]}}