{"id":226,"date":"2020-05-08T21:12:38","date_gmt":"2020-05-08T21:12:38","guid":{"rendered":"http:\/\/enter-dc.com\/?page_id=226"},"modified":"2022-09-26T18:38:50","modified_gmt":"2022-09-26T10:38:50","slug":"clients-and-testimonials","status":"publish","type":"page","link":"https:\/\/enter-dc.com\/fr\/clients-and-testimonials\/","title":{"rendered":"Clients et t\u00e9moignages"},"content":{"rendered":"<p><img loading=\"lazy\" decoding=\"async\" class=\"alignnone wp-image-228\" src=\"http:\/\/enter-dc.com\/wp-content\/uploads\/2020\/05\/LOGO-Alphascience-1.jpg\" alt=\"\" width=\"326\" height=\"79\" \/> <img loading=\"lazy\" decoding=\"async\" class=\"alignnone wp-image-229\" src=\"http:\/\/enter-dc.com\/wp-content\/uploads\/2020\/05\/logo-CC-sans-base-line.jpg\" alt=\"\" width=\"299\" height=\"61\" \/><\/p>\n<p><img loading=\"lazy\" decoding=\"async\" class=\"\" src=\"https:\/\/static.greenweez.com\/assets\/uploaded\/any-store\/french\/images\/manufacturers\/logo_miss_pro.jpg\" alt=\"Miss W | Greenweez\" width=\"151\" height=\"151\" \/><img loading=\"lazy\" decoding=\"async\" class=\"alignnone wp-image-232\" src=\"http:\/\/enter-dc.com\/wp-content\/uploads\/2020\/05\/Logo-Lolita.jpg\" alt=\"\" width=\"300\" height=\"139\" \/>\u00a0 \u00a0 \u00a0<img loading=\"lazy\" decoding=\"async\" class=\"alignnone wp-image-233\" src=\"http:\/\/enter-dc.com\/wp-content\/uploads\/2020\/05\/Logo-MARILOUBIO.png\" alt=\"\" width=\"300\" height=\"155\" \/><\/p>\n<h5>Client satisfaction &#038; Testimonials<\/h5>\n<p><strong>T\u00e9moignage des clients :<\/strong><\/p>\n<p><em>\u00ab\u00a0Jeanne et Michel d&rsquo;Enter Digital China ont une vaste exp\u00e9rience du marketing et des ventes en Chine et dans le reste de l&rsquo;Asie: de la th\u00e9orie aux op\u00e9rations et pratiques sur le terrain. Ils ont d\u00e9velopp\u00e9 une v\u00e9ritable expertise en cosm\u00e9tique, de la strat\u00e9gie aux op\u00e9rations quotidiennes.<\/em><\/p>\n<p><em>Pour Alphascience, ils nous ont aid\u00e9s \u00e0 d\u00e9finir la strat\u00e9gie marque &#038; produit (branding, pricing, produits\u2026) en Chine, \u00e0 trouver le bon distributeur et \u00e0 optimiser les \u00e9l\u00e9ments marketing (dont les RP), ainsi que le suivi de l\u2019enregistrement des produits et des ventes. Ils ont d\u00e9montr\u00e9 des capacit\u00e9s de n\u00e9gociation exceptionnelles et ont d\u00e9fendu les int\u00e9r\u00eats de notre marque aupr\u00e8s de nos partenaires, et face \u00e0 nos concurrents, parfois dans des situations tr\u00e8s difficiles.<\/em><\/p>\n<p><em>\u00a0<\/em><em>Ils sont tr\u00e8s pr\u00e9cieux pour les PME car ils comprennent parfaitement les d\u00e9fis auxquels nous sommes confront\u00e9s et le fonctionnement du march\u00e9 chinois.<\/em><\/p>\n<p><em>\u00a0<\/em><em>Je recommanderais Enter Digital China \u00e0 tous ceux qui souhaitent d\u00e9velopper leur activit\u00e9 en Chine : gr\u00e2ce \u00e0 eux, vous pourrez prendre le \u00abraccourci\u00bb et \u00e9viter les erreurs qui pourraient avoir d&rsquo;\u00e9normes cons\u00e9quences n\u00e9gatives! \u00ab\u00a0<\/em><\/p>\n<p><em>\u00a0<\/em>Julien REVOL,<\/p>\n<p>CEO, ALPHASCIENCE<\/p>\n<p><a href=\"https:\/\/www.alphascience.com\/\">https:\/\/www.alphascience.com\/<\/a><\/p>\n<hr \/>\n<p><em>\u201c<\/em><em>Bonjour Jeanne,<\/em><\/p>\n<p><em>\u00a0<\/em><em>Nous travaillons ensembles depuis plusieurs ann\u00e9es, et je tiens \u00e0 saluer ta pugnacit\u00e9 et ta volont\u00e9 forte de faire avancer les choses et le <\/em><em>business<\/em><em>.<\/em><\/p>\n<p><em>Malgr\u00e9 les cultures qui nous opposent tu essaies toujours d&rsquo;obtenir une position claire, et juste des situations.\u00a0<\/em><\/p>\n<p><em>\u00a0<\/em><em>Nous avons toujours essay\u00e9 d&rsquo;avancer ensemble, et tu as toujours su faire preuve d&rsquo;honn\u00eatet\u00e9.<\/em><\/p>\n<p><em>Jeanne tu es une belle rencontre, ainsi je te recommande \u00e0 mes confr\u00e8res.\u00a0<\/em><em>\u201d<\/em><\/p>\n<p>Benjamin AIACH<br \/>\nCEO, Marilou Bio et Charlotte Baby &#038; Family<br \/>\nDirecteur du Conseil d\u2019Administration, Cosmebio<\/p>\n<p><a href=\"http:\/\/www.mariloubio.com\/\">http:\/\/www.mariloubio.com\/<\/a><br \/>\n<a href=\"http:\/\/www.charlottebabyfamily.com\/\">http:\/\/www.charlottebabyfamily.com\/<\/a><\/p>\n","protected":false},"excerpt":{"rendered":"<p>\u00a0 \u00a0 \u00a0 Client satisfaction &#038; Testimonials T\u00e9moignage des clients : \u00ab\u00a0Jeanne et Michel d&rsquo;Enter Digital China ont une vaste exp\u00e9rience du marketing et des ventes en Chine et dans le reste de l&rsquo;Asie: de la th\u00e9orie aux op\u00e9rations et pratiques sur le terrain. Ils ont d\u00e9velopp\u00e9 une v\u00e9ritable expertise en cosm\u00e9tique, de la strat\u00e9gie &hellip; <a href=\"https:\/\/enter-dc.com\/fr\/clients-and-testimonials\/\" class=\"more-link\">Continuer la lecture<span class=\"screen-reader-text\"> de &laquo;&nbsp;Clients et t\u00e9moignages&nbsp;&raquo;<\/span><\/a><\/p>\n","protected":false},"author":1,"featured_media":0,"parent":0,"menu_order":0,"comment_status":"closed","ping_status":"closed","template":"","meta":{"footnotes":""},"class_list":["post-226","page","type-page","status-publish","hentry"],"_links":{"self":[{"href":"https:\/\/enter-dc.com\/fr\/wp-json\/wp\/v2\/pages\/226","targetHints":{"allow":["GET"]}}],"collection":[{"href":"https:\/\/enter-dc.com\/fr\/wp-json\/wp\/v2\/pages"}],"about":[{"href":"https:\/\/enter-dc.com\/fr\/wp-json\/wp\/v2\/types\/page"}],"author":[{"embeddable":true,"href":"https:\/\/enter-dc.com\/fr\/wp-json\/wp\/v2\/users\/1"}],"replies":[{"embeddable":true,"href":"https:\/\/enter-dc.com\/fr\/wp-json\/wp\/v2\/comments?post=226"}],"version-history":[{"count":18,"href":"https:\/\/enter-dc.com\/fr\/wp-json\/wp\/v2\/pages\/226\/revisions"}],"predecessor-version":[{"id":408,"href":"https:\/\/enter-dc.com\/fr\/wp-json\/wp\/v2\/pages\/226\/revisions\/408"}],"wp:attachment":[{"href":"https:\/\/enter-dc.com\/fr\/wp-json\/wp\/v2\/media?parent=226"}],"curies":[{"name":"wp","href":"https:\/\/api.w.org\/{rel}","templated":true}]}}