{"id":96,"date":"2016-02-10T09:46:42","date_gmt":"2016-02-10T09:46:42","guid":{"rendered":"http:\/\/www.demo.acmethemes.com\/corporate-plus\/?page_id=7"},"modified":"2020-05-29T04:53:00","modified_gmt":"2020-05-28T20:53:00","slug":"home","status":"publish","type":"page","link":"https:\/\/enter-dc.com\/fr\/","title":{"rendered":"Qui nous sommes"},"content":{"rendered":"<h5>Notre vision<\/h5>\r\n<ul>\r\n<li>Apporter les meilleurs produits \u00e9trangers aux consommateurs chinois et faire de ces marques un succ\u00e8s en Chine !<\/li>\r\n<li>Aider les entreprises \u00e9trang\u00e8res \u00e0 comprendre le march\u00e9 et les pratiques chinoises, \u00e0 surmonter les diff\u00e9rences culturelles, les difficult\u00e9s environnementales et les aider \u00e0 s\u2019adapter aux pratiques commerciales &#038; Marketing locales afin d\u2019\u00e9viter de co\u00fbteuses erreurs, \u00e0 op\u00e9rer efficacement dans un environnement \u00e9tranger et \u00e0 r\u00e9ussir sur un march\u00e9 tr\u00e8s difficile et concurrentiel.<\/li>\r\n<li>Aider les entreprises et les PME\/SME, qui visent le march\u00e9 chinois pour la premi\u00e8re fois \u00e0 un co\u00fbt raisonnable sans efforts disproportionn\u00e9s \u00e0 \u00e9tablir leur marque et leur pr\u00e9sence en Chine avec un maximum de r\u00e9ussite et un minimum de risque.<\/li>\r\n<\/ul>\r\n<p><img loading=\"lazy\" decoding=\"async\" class=\"alignnone size-full wp-image-207\" src=\"http:\/\/enter-dc.com\/wp-content\/uploads\/2020\/05\/Enter-Digital-China-logo-transparent-1.png\" alt=\"\" width=\"566\" height=\"61\" \/><\/p>\r\n<p>Enter Digital China est une soci\u00e9t\u00e9 de conseil bas\u00e9e \u00e0 HK et Shenzhen, en Chine.<br \/>Elle a \u00e9t\u00e9 fond\u00e9e en 2015, en r\u00e9ponse \u00e0 la nouvelle politique du gouvernement chinois sur l\u2019E-commerce transfrontalier. Elle a ensuite \u00e9tendu naturellement ses services au march\u00e9 domestique chinois (en ligne et magasins physiques), pour r\u00e9pondre aux besoins des marques occidentales.<br \/>Enter Digital China a \u00e9largi son domaine de comp\u00e9tence g\u00e9ographique \u00e0 d\u2019autres march\u00e9s asiatiques.<br \/><br \/>Traditionnellement, en raison de l\u2019exp\u00e9rience de ses fondateurs, les domaines principaux d\u2019intervention d\u2019 Enter Digital China ont \u00e9t\u00e9 les secteurs des cosm\u00e9tiques et du luxe, mais la soci\u00e9t\u00e9 a \u00e9galement d\u00e9velopp\u00e9 ses comp\u00e9tences dans les secteurs de la mode et des compl\u00e9ments alimentaires.<\/p>\r\n<p><img loading=\"lazy\" decoding=\"async\" class=\"alignnone size-medium wp-image-201\" src=\"http:\/\/enter-dc.com\/wp-content\/uploads\/2020\/05\/Ambassadeur1-690x400.jpg\" alt=\"\" width=\"690\" height=\"400\" \/><\/p>\r\n<p>La co-fondatrice Jeanne ZHAO-CLOT re\u00e7ue par l&rsquo;Ambassadeur de France en Chine, Maurice GOURDAULT-MONTAGNE en 2016.<\/p>\r\n<p><img loading=\"lazy\" decoding=\"async\" class=\"alignnone  wp-image-328\" src=\"http:\/\/enter-dc.com\/wp-content\/uploads\/2020\/05\/CG-office2.jpg\" alt=\"\" width=\"690\" height=\"504\" \/>\u00a0<img loading=\"lazy\" decoding=\"async\" class=\"alignnone size-medium wp-image-213\" src=\"http:\/\/enter-dc.com\/wp-content\/uploads\/2020\/05\/Entrance2-690x400.jpg\" alt=\"\" width=\"690\" height=\"400\" \/><\/p>\r\n<p>Re\u00e7ue par le Consule General de France \u00e0 Hong Kong et Macao, Alexandre GIORGINI,\u00a0en 2020.<\/p>\r\n<p>&nbsp;<\/p>\r\n<!-- \/wp:post-content -->","protected":false},"excerpt":{"rendered":"<p>Notre vision Apporter les meilleurs produits \u00e9trangers aux consommateurs chinois et faire de ces marques un succ\u00e8s en Chine ! Aider les entreprises \u00e9trang\u00e8res \u00e0 comprendre le march\u00e9 et les pratiques chinoises, \u00e0 surmonter les diff\u00e9rences culturelles, les difficult\u00e9s environnementales et les aider \u00e0 s\u2019adapter aux pratiques commerciales &#038; Marketing locales afin d\u2019\u00e9viter de co\u00fbteuses &hellip; <a href=\"https:\/\/enter-dc.com\/fr\/\" class=\"more-link\">Continuer la lecture<span class=\"screen-reader-text\"> de &laquo;&nbsp;Qui nous sommes&nbsp;&raquo;<\/span><\/a><\/p>\n","protected":false},"author":1,"featured_media":0,"parent":0,"menu_order":0,"comment_status":"closed","ping_status":"closed","template":"","meta":{"footnotes":""},"class_list":["post-96","page","type-page","status-publish","hentry"],"_links":{"self":[{"href":"https:\/\/enter-dc.com\/fr\/wp-json\/wp\/v2\/pages\/96","targetHints":{"allow":["GET"]}}],"collection":[{"href":"https:\/\/enter-dc.com\/fr\/wp-json\/wp\/v2\/pages"}],"about":[{"href":"https:\/\/enter-dc.com\/fr\/wp-json\/wp\/v2\/types\/page"}],"author":[{"embeddable":true,"href":"https:\/\/enter-dc.com\/fr\/wp-json\/wp\/v2\/users\/1"}],"replies":[{"embeddable":true,"href":"https:\/\/enter-dc.com\/fr\/wp-json\/wp\/v2\/comments?post=96"}],"version-history":[{"count":13,"href":"https:\/\/enter-dc.com\/fr\/wp-json\/wp\/v2\/pages\/96\/revisions"}],"predecessor-version":[{"id":386,"href":"https:\/\/enter-dc.com\/fr\/wp-json\/wp\/v2\/pages\/96\/revisions\/386"}],"wp:attachment":[{"href":"https:\/\/enter-dc.com\/fr\/wp-json\/wp\/v2\/media?parent=96"}],"curies":[{"name":"wp","href":"https:\/\/api.w.org\/{rel}","templated":true}]}}